{"id":8,"date":"2025-04-14T18:30:14","date_gmt":"2025-04-14T16:30:14","guid":{"rendered":"https:\/\/bodnar-dorottya.holloka-uxuikepzes.hu\/?page_id=8"},"modified":"2025-06-02T19:48:10","modified_gmt":"2025-06-02T17:48:10","slug":"fooldal","status":"publish","type":"page","link":"https:\/\/dorottyabodnar.hu\/en\/","title":{"rendered":"\/\/ About"},"content":{"rendered":"<div data-elementor-type=\"wp-page\" data-elementor-id=\"8\" class=\"elementor elementor-8\" data-elementor-post-type=\"page\">\n\t\t\t\t<div class=\"elementor-element elementor-element-2c7cb29 e-flex e-con-boxed e-con e-parent\" data-id=\"2c7cb29\" data-element_type=\"container\" data-settings=\"{&quot;background_background&quot;:&quot;classic&quot;}\">\n\t\t\t\t\t<div class=\"e-con-inner\">\n\t\t<div class=\"elementor-element elementor-element-0dacbf4 e-con-full e-flex e-con e-child\" data-id=\"0dacbf4\" data-element_type=\"container\">\n\t\t<div class=\"elementor-element elementor-element-ea6e898 e-con-full e-flex e-con e-child\" data-id=\"ea6e898\" data-element_type=\"container\" data-settings=\"{&quot;background_background&quot;:&quot;classic&quot;}\">\n\t\t\t\t<div class=\"elementor-element elementor-element-0375dc3 elementor-widget elementor-widget-heading\" data-id=\"0375dc3\" data-element_type=\"widget\" data-widget_type=\"heading.default\">\n\t\t\t\t<div class=\"elementor-widget-container\">\n\t\t\t\t\t<h1 class=\"elementor-heading-title elementor-size-default\">Hi,<\/h1>\t\t\t\t<\/div>\n\t\t\t\t<\/div>\n\t\t\t\t<div class=\"elementor-element elementor-element-0dd7e2d elementor-widget elementor-widget-text-editor\" data-id=\"0dd7e2d\" data-element_type=\"widget\" data-widget_type=\"text-editor.default\">\n\t\t\t\t<div class=\"elementor-widget-container\">\n\t\t\t\t\t\t\t\t\tI am <span class=\"blue\">Dorottya Bodn\u00e1r<\/span> \/\/\t\t\t\t\t\t\t\t<\/div>\n\t\t\t\t<\/div>\n\t\t\t\t<div class=\"elementor-element elementor-element-c251985 elementor-widget elementor-widget-text-editor\" data-id=\"c251985\" data-element_type=\"widget\" data-widget_type=\"text-editor.default\">\n\t\t\t\t<div class=\"elementor-widget-container\">\n\t\t\t\t\t\t\t\t\tEgy <span class=\"blue\">grafikus<\/span> \u00e9s <span class=\"blue\">illusztr\u00e1tor<\/span> vagyok, aki mer\u00e9sz vizu\u00e1lis megold\u00e1sokat alkot m\u00e1rk\u00e1k, digit\u00e1lis m\u00e9dia \u00e9s nyomtatott anyagok sz\u00e1m\u00e1ra. A kreativit\u00e1st \u00e9s a strat\u00e9gi\u00e1t \u00f6tv\u00f6z\u00f6m, hogy olyan munk\u00e1kat hozzak l\u00e9tre, amelyek egyszerre sz\u00e9pek \u00e9s c\u00e9ltudatosak. Val\u00f3s\u00edtsuk meg egy\u00fctt a te v\u00edzi\u00f3dat is!\t\t\t\t\t\t\t\t<\/div>\n\t\t\t\t<\/div>\n\t\t\t\t<\/div>\n\t\t<div class=\"elementor-element elementor-element-0369271 e-con-full e-flex e-con e-child\" data-id=\"0369271\" data-element_type=\"container\">\n\t\t\t\t<div class=\"elementor-element elementor-element-07146cb elementor-widget elementor-widget-button\" data-id=\"07146cb\" data-element_type=\"widget\" data-widget_type=\"button.default\">\n\t\t\t\t<div class=\"elementor-widget-container\">\n\t\t\t\t\t\t\t\t\t<div class=\"elementor-button-wrapper\">\n\t\t\t\t\t<a class=\"elementor-button elementor-button-link elementor-size-sm elementor-animation-bob\" href=\"https:\/\/dorottyabodnar.hu\/en\/portfolio\/\">\n\t\t\t\t\t\t<span class=\"elementor-button-content-wrapper\">\n\t\t\t\t\t\t\t\t\t<span class=\"elementor-button-text\">Portfolio<\/span>\n\t\t\t\t\t<\/span>\n\t\t\t\t\t<\/a>\n\t\t\t\t<\/div>\n\t\t\t\t\t\t\t\t<\/div>\n\t\t\t\t<\/div>\n\t\t\t\t<\/div>\n\t\t\t\t<\/div>\n\t\t<div class=\"elementor-element elementor-element-14311e6 e-con-full e-flex e-con e-child\" data-id=\"14311e6\" data-element_type=\"container\">\n\t\t\t\t<div class=\"elementor-element elementor-element-da1aca3 elementor-widget elementor-widget-image\" data-id=\"da1aca3\" data-element_type=\"widget\" data-widget_type=\"image.default\">\n\t\t\t\t<div class=\"elementor-widget-container\">\n\t\t\t\t\t\t\t\t\t\t\t\t\t\t\t<img fetchpriority=\"high\" decoding=\"async\" width=\"628\" height=\"454\" src=\"https:\/\/dorottyabodnar.hu\/wp-content\/uploads\/2025\/04\/uxuidesign-egyszeruseg-1.jpg\" class=\"attachment-large size-large wp-image-54\" alt=\"UX\/UI\" srcset=\"https:\/\/dorottyabodnar.hu\/wp-content\/uploads\/2025\/04\/uxuidesign-egyszeruseg-1.jpg 628w, https:\/\/dorottyabodnar.hu\/wp-content\/uploads\/2025\/04\/uxuidesign-egyszeruseg-1-300x217.jpg 300w\" sizes=\"(max-width: 628px) 100vw, 628px\" \/>\t\t\t\t\t\t\t\t\t\t\t\t\t\t\t<\/div>\n\t\t\t\t<\/div>\n\t\t\t\t<\/div>\n\t\t\t\t\t<\/div>\n\t\t\t\t<\/div>\n\t\t<div class=\"elementor-element elementor-element-77240f4 e-flex e-con-boxed e-con e-parent\" data-id=\"77240f4\" data-element_type=\"container\" data-settings=\"{&quot;background_background&quot;:&quot;classic&quot;}\">\n\t\t\t\t\t<div class=\"e-con-inner\">\n\t\t<div class=\"elementor-element elementor-element-ed33df3 e-con-full e-flex e-con e-child\" data-id=\"ed33df3\" data-element_type=\"container\">\n\t\t\t\t<div class=\"elementor-element elementor-element-576f7b7 elementor-widget elementor-widget-text-editor\" data-id=\"576f7b7\" data-element_type=\"widget\" data-widget_type=\"text-editor.default\">\n\t\t\t\t<div class=\"elementor-widget-container\">\n\t\t\t\t\t\t\t\t\t<p><span style=\"white-space-collapse: preserve;\">What do I offer?<\/span><\/p>\t\t\t\t\t\t\t\t<\/div>\n\t\t\t\t<\/div>\n\t\t\t\t<\/div>\n\t\t<div class=\"elementor-element elementor-element-58bde18 e-con-full e-flex e-con e-child\" data-id=\"58bde18\" data-element_type=\"container\">\n\t\t<div class=\"elementor-element elementor-element-0bb3651 e-con-full e-flex e-con e-child\" data-id=\"0bb3651\" data-element_type=\"container\" data-settings=\"{&quot;background_background&quot;:&quot;classic&quot;}\">\n\t\t\t\t<div class=\"elementor-element elementor-element-d3dc437 elementor-widget elementor-widget-heading\" data-id=\"d3dc437\" data-element_type=\"widget\" data-widget_type=\"heading.default\">\n\t\t\t\t<div class=\"elementor-widget-container\">\n\t\t\t\t\t<h2 class=\"elementor-heading-title elementor-size-default\">Graphic Design<\/h2>\t\t\t\t<\/div>\n\t\t\t\t<\/div>\n\t\t\t\t<div class=\"elementor-element elementor-element-43a9f7d elementor-widget elementor-widget-text-editor\" data-id=\"43a9f7d\" data-element_type=\"widget\" data-widget_type=\"text-editor.default\">\n\t\t\t\t<div class=\"elementor-widget-container\">\n\t\t\t\t\t\t\t\t\t<p>Unlock the power of visual storytelling with professional graphic design services tailored to your brand. From logo creation and branding to social media graphics and print materials, our creative solutions help your business stand out.<\/p>\t\t\t\t\t\t\t\t<\/div>\n\t\t\t\t<\/div>\n\t\t\t\t<\/div>\n\t\t<div class=\"elementor-element elementor-element-4415a0e e-con-full e-flex e-con e-child\" data-id=\"4415a0e\" data-element_type=\"container\" data-settings=\"{&quot;background_background&quot;:&quot;classic&quot;}\">\n\t\t\t\t<div class=\"elementor-element elementor-element-192b5f6 elementor-widget elementor-widget-heading\" data-id=\"192b5f6\" data-element_type=\"widget\" data-widget_type=\"heading.default\">\n\t\t\t\t<div class=\"elementor-widget-container\">\n\t\t\t\t\t<h2 class=\"elementor-heading-title elementor-size-default\">UX\/UI Design<\/h2>\t\t\t\t<\/div>\n\t\t\t\t<\/div>\n\t\t\t\t<div class=\"elementor-element elementor-element-e6841e0 elementor-widget elementor-widget-text-editor\" data-id=\"e6841e0\" data-element_type=\"widget\" data-widget_type=\"text-editor.default\">\n\t\t\t\t<div class=\"elementor-widget-container\">\n\t\t\t\t\t\t\t\t\t<div>I design intuitive interfaces that enhance usability, improve user satisfaction, and drive conversions. Whether you need a mobile app, website, or dashboard, our user-centered approach ensures a smooth and visually appealing experience across all platforms.<\/div>\t\t\t\t\t\t\t\t<\/div>\n\t\t\t\t<\/div>\n\t\t\t\t<\/div>\n\t\t<div class=\"elementor-element elementor-element-7f48cdb e-con-full e-flex e-con e-child\" data-id=\"7f48cdb\" data-element_type=\"container\" data-settings=\"{&quot;background_background&quot;:&quot;classic&quot;}\">\n\t\t\t\t<div class=\"elementor-element elementor-element-0ada843 elementor-widget elementor-widget-heading\" data-id=\"0ada843\" data-element_type=\"widget\" data-widget_type=\"heading.default\">\n\t\t\t\t<div class=\"elementor-widget-container\">\n\t\t\t\t\t<h2 class=\"elementor-heading-title elementor-size-default\">Illustr\u00e1ci\u00f3<\/h2>\t\t\t\t<\/div>\n\t\t\t\t<\/div>\n\t\t\t\t<div class=\"elementor-element elementor-element-22bd1bd elementor-widget elementor-widget-text-editor\" data-id=\"22bd1bd\" data-element_type=\"widget\" data-widget_type=\"text-editor.default\">\n\t\t\t\t<div class=\"elementor-widget-container\">\n\t\t\t\t\t\t\t\t\t<p>Bring your ideas to life with custom illustration services that capture attention and tell your story. From editorial and branding illustrations to icons and product visuals, we create unique artwork that aligns with your vision and elevates your content. Perfect for digital and print use, our illustrations make your brand memorable.<\/p>\t\t\t\t\t\t\t\t<\/div>\n\t\t\t\t<\/div>\n\t\t\t\t<\/div>\n\t\t\t\t<\/div>\n\t\t<div class=\"elementor-element elementor-element-b44c060 e-con-full e-flex e-con e-child\" data-id=\"b44c060\" data-element_type=\"container\">\n\t\t\t\t<div class=\"elementor-element elementor-element-d62c1c6 elementor-widget elementor-widget-button\" data-id=\"d62c1c6\" data-element_type=\"widget\" data-widget_type=\"button.default\">\n\t\t\t\t<div class=\"elementor-widget-container\">\n\t\t\t\t\t\t\t\t\t<div class=\"elementor-button-wrapper\">\n\t\t\t\t\t<a class=\"elementor-button elementor-button-link elementor-size-sm elementor-animation-bob\" href=\"https:\/\/dorottyabodnar.hu\/en\/kapcsolat\/\">\n\t\t\t\t\t\t<span class=\"elementor-button-content-wrapper\">\n\t\t\t\t\t\t\t\t\t<span class=\"elementor-button-text\">Contact with me<\/span>\n\t\t\t\t\t<\/span>\n\t\t\t\t\t<\/a>\n\t\t\t\t<\/div>\n\t\t\t\t\t\t\t\t<\/div>\n\t\t\t\t<\/div>\n\t\t\t\t<\/div>\n\t\t\t\t\t<\/div>\n\t\t\t\t<\/div>\n\t\t<div class=\"elementor-element elementor-element-6c31f2a e-flex e-con-boxed e-con e-parent\" data-id=\"6c31f2a\" data-element_type=\"container\">\n\t\t\t\t\t<div class=\"e-con-inner\">\n\t\t\t\t\t<\/div>\n\t\t\t\t<\/div>\n\t\t\t\t<\/div>","protected":false},"excerpt":{"rendered":"<p>Szia, Bodn\u00e1r Dorottya vagyok \/\/Egy grafikus \u00e9s illusztr\u00e1tor vagyok, aki mer\u00e9sz vizu\u00e1lis megold\u00e1sokat alkot m\u00e1rk\u00e1k, digit\u00e1lis m\u00e9dia \u00e9s nyomtatott anyagok sz\u00e1m\u00e1ra. A kreativit\u00e1st \u00e9s a strat\u00e9gi\u00e1t \u00f6tv\u00f6z\u00f6m, hogy olyan munk\u00e1kat hozzak l\u00e9tre, amelyek egyszerre sz\u00e9pek \u00e9s c\u00e9ltudatosak. Val\u00f3s\u00edtsuk meg egy\u00fctt a te v\u00edzi\u00f3dat is! Tov\u00e1bb portfoli\u00f3hoz Mit aj\u00e1nlok? Grafika Haszn\u00e1ld ki a vizu\u00e1lis t\u00f6rt\u00e9netmes\u00e9l\u00e9s erej\u00e9t [&hellip;]<\/p>","protected":false},"author":1,"featured_media":0,"parent":0,"menu_order":0,"comment_status":"closed","ping_status":"closed","template":"","meta":{"inline_featured_image":false,"footnotes":""},"class_list":["post-8","page","type-page","status-publish","hentry"],"_links":{"self":[{"href":"https:\/\/dorottyabodnar.hu\/en\/wp-json\/wp\/v2\/pages\/8","targetHints":{"allow":["GET"]}}],"collection":[{"href":"https:\/\/dorottyabodnar.hu\/en\/wp-json\/wp\/v2\/pages"}],"about":[{"href":"https:\/\/dorottyabodnar.hu\/en\/wp-json\/wp\/v2\/types\/page"}],"author":[{"embeddable":true,"href":"https:\/\/dorottyabodnar.hu\/en\/wp-json\/wp\/v2\/users\/1"}],"replies":[{"embeddable":true,"href":"https:\/\/dorottyabodnar.hu\/en\/wp-json\/wp\/v2\/comments?post=8"}],"version-history":[{"count":70,"href":"https:\/\/dorottyabodnar.hu\/en\/wp-json\/wp\/v2\/pages\/8\/revisions"}],"predecessor-version":[{"id":458,"href":"https:\/\/dorottyabodnar.hu\/en\/wp-json\/wp\/v2\/pages\/8\/revisions\/458"}],"wp:attachment":[{"href":"https:\/\/dorottyabodnar.hu\/en\/wp-json\/wp\/v2\/media?parent=8"}],"curies":[{"name":"wp","href":"https:\/\/api.w.org\/{rel}","templated":true}]}}