{"id":15,"date":"2025-04-14T18:53:14","date_gmt":"2025-04-14T16:53:14","guid":{"rendered":"https:\/\/bodnar-dorottya.holloka-uxuikepzes.hu\/?page_id=15"},"modified":"2025-06-01T22:31:01","modified_gmt":"2025-06-01T20:31:01","slug":"kapcsolat","status":"publish","type":"page","link":"https:\/\/dorottyabodnar.hu\/en\/kapcsolat\/","title":{"rendered":"\/\/ Contact"},"content":{"rendered":"<div data-elementor-type=\"wp-page\" data-elementor-id=\"15\" class=\"elementor elementor-15\" data-elementor-post-type=\"page\">\n\t\t\t\t<div class=\"elementor-element elementor-element-79d511e e-flex e-con-boxed e-con e-parent\" data-id=\"79d511e\" data-element_type=\"container\" data-settings=\"{&quot;background_background&quot;:&quot;classic&quot;}\">\n\t\t\t\t\t<div class=\"e-con-inner\">\n\t\t<div class=\"elementor-element elementor-element-d811eb4 e-con-full e-flex e-con e-child\" data-id=\"d811eb4\" data-element_type=\"container\">\n\t\t\t\t<div class=\"elementor-element elementor-element-e752d4c elementor-widget elementor-widget-heading\" data-id=\"e752d4c\" data-element_type=\"widget\" data-widget_type=\"heading.default\">\n\t\t\t\t<div class=\"elementor-widget-container\">\n\t\t\t\t\t<h2 class=\"elementor-heading-title elementor-size-default\">Let\u2019s work together<\/h2>\t\t\t\t<\/div>\n\t\t\t\t<\/div>\n\t\t\t\t<div class=\"elementor-element elementor-element-48fd913 elementor-widget elementor-widget-text-editor\" data-id=\"48fd913\" data-element_type=\"widget\" data-widget_type=\"text-editor.default\">\n\t\t\t\t<div class=\"elementor-widget-container\">\n\t\t\t\t\t\t\t\t\t<p>If you want to request an offer, please\u2028write me your name, email and your idea about the project. Or feel free to contact me.<\/p>\t\t\t\t\t\t\t\t<\/div>\n\t\t\t\t<\/div>\n\t\t\t\t<\/div>\n\t\t<div class=\"elementor-element elementor-element-69bb41f e-con-full e-flex e-con e-child\" data-id=\"69bb41f\" data-element_type=\"container\">\n\t\t\t\t<div class=\"elementor-element elementor-element-d40d3b2 elementor-button-align-end elementor-widget elementor-widget-form\" data-id=\"d40d3b2\" data-element_type=\"widget\" data-settings=\"{&quot;step_next_label&quot;:&quot;K\\u00f6vetkez\\u0151&quot;,&quot;step_previous_label&quot;:&quot;El\\u0151z\\u0151&quot;,&quot;button_width&quot;:&quot;100&quot;,&quot;step_type&quot;:&quot;number_text&quot;,&quot;step_icon_shape&quot;:&quot;circle&quot;}\" data-widget_type=\"form.default\">\n\t\t\t\t<div class=\"elementor-widget-container\">\n\t\t\t\t\t\t\t<form class=\"elementor-form\" method=\"post\" name=\"\u00daj \u0171rlap\" action=\"\">\n\t\t\t<input type=\"hidden\" name=\"post_id\" value=\"15\"\/>\n\t\t\t<input type=\"hidden\" name=\"form_id\" value=\"d40d3b2\"\/>\n\t\t\t<input type=\"hidden\" name=\"referer_title\" value=\"\/\/ Kapcsolat\" \/>\n\n\t\t\t\t\t\t\t<input type=\"hidden\" name=\"queried_id\" value=\"15\"\/>\n\t\t\t\n\t\t\t<div class=\"elementor-form-fields-wrapper elementor-labels-\">\n\t\t\t\t\t\t\t\t<div class=\"elementor-field-type-text elementor-field-group elementor-column elementor-field-group-name elementor-col-100\">\n\t\t\t\t\t\t\t\t\t\t\t\t<label for=\"form-field-name\" class=\"elementor-field-label elementor-screen-only\">\n\t\t\t\t\t\t\t\tName\t\t\t\t\t\t\t<\/label>\n\t\t\t\t\t\t\t\t\t\t\t\t\t\t<input size=\"1\" type=\"text\" name=\"form_fields[name]\" id=\"form-field-name\" class=\"elementor-field elementor-size-md  elementor-field-textual\" placeholder=\"Name\">\n\t\t\t\t\t\t\t\t\t\t\t<\/div>\n\t\t\t\t\t\t\t\t<div class=\"elementor-field-type-email elementor-field-group elementor-column elementor-field-group-email elementor-col-100 elementor-field-required\">\n\t\t\t\t\t\t\t\t\t\t\t\t<label for=\"form-field-email\" class=\"elementor-field-label elementor-screen-only\">\n\t\t\t\t\t\t\t\tEmail\t\t\t\t\t\t\t<\/label>\n\t\t\t\t\t\t\t\t\t\t\t\t\t\t<input size=\"1\" type=\"email\" name=\"form_fields[email]\" id=\"form-field-email\" class=\"elementor-field elementor-size-md  elementor-field-textual\" placeholder=\"Email\" required=\"required\">\n\t\t\t\t\t\t\t\t\t\t\t<\/div>\n\t\t\t\t\t\t\t\t<div class=\"elementor-field-type-textarea elementor-field-group elementor-column elementor-field-group-message elementor-col-100\">\n\t\t\t\t\t\t\t\t\t\t\t\t<label for=\"form-field-message\" class=\"elementor-field-label elementor-screen-only\">\n\t\t\t\t\t\t\t\tMessage\t\t\t\t\t\t\t<\/label>\n\t\t\t\t\t\t<textarea class=\"elementor-field-textual elementor-field  elementor-size-md\" name=\"form_fields[message]\" id=\"form-field-message\" rows=\"4\" placeholder=\"Message\"><\/textarea>\t\t\t\t<\/div>\n\t\t\t\t\t\t\t\t<div class=\"elementor-field-group elementor-column elementor-field-type-submit elementor-col-100 e-form__buttons\">\n\t\t\t\t\t<button class=\"elementor-button elementor-size-sm elementor-animation-bob\" type=\"submit\">\n\t\t\t\t\t\t<span class=\"elementor-button-content-wrapper\">\n\t\t\t\t\t\t\t\t\t\t\t\t\t\t\t\t\t\t\t\t\t\t<span class=\"elementor-button-text\">Send<\/span>\n\t\t\t\t\t\t\t\t\t\t\t\t\t<\/span>\n\t\t\t\t\t<\/button>\n\t\t\t\t<\/div>\n\t\t\t<\/div>\n\t\t<input type=\"hidden\" name=\"trp-form-language\" value=\"en\"\/><\/form>\n\t\t\t\t\t\t<\/div>\n\t\t\t\t<\/div>\n\t\t\t\t<\/div>\n\t\t\t\t\t<\/div>\n\t\t\t\t<\/div>\n\t\t\t\t<\/div>","protected":false},"excerpt":{"rendered":"<p>Dolgozzunk egy\u00fctt! Ha aj\u00e1nlatot szeretn\u00e9l k\u00e9rni, k\u00e9rlek, \u00edrd meg a neved, az e-mail c\u00edmed \u00e9s az \u00f6tleted a projektr\u0151l. Vagy b\u00e1tran l\u00e9pj velem kapcsolatba!<\/p>","protected":false},"author":1,"featured_media":0,"parent":0,"menu_order":0,"comment_status":"closed","ping_status":"closed","template":"","meta":{"inline_featured_image":false,"footnotes":""},"class_list":["post-15","page","type-page","status-publish","hentry"],"_links":{"self":[{"href":"https:\/\/dorottyabodnar.hu\/en\/wp-json\/wp\/v2\/pages\/15","targetHints":{"allow":["GET"]}}],"collection":[{"href":"https:\/\/dorottyabodnar.hu\/en\/wp-json\/wp\/v2\/pages"}],"about":[{"href":"https:\/\/dorottyabodnar.hu\/en\/wp-json\/wp\/v2\/types\/page"}],"author":[{"embeddable":true,"href":"https:\/\/dorottyabodnar.hu\/en\/wp-json\/wp\/v2\/users\/1"}],"replies":[{"embeddable":true,"href":"https:\/\/dorottyabodnar.hu\/en\/wp-json\/wp\/v2\/comments?post=15"}],"version-history":[{"count":11,"href":"https:\/\/dorottyabodnar.hu\/en\/wp-json\/wp\/v2\/pages\/15\/revisions"}],"predecessor-version":[{"id":408,"href":"https:\/\/dorottyabodnar.hu\/en\/wp-json\/wp\/v2\/pages\/15\/revisions\/408"}],"wp:attachment":[{"href":"https:\/\/dorottyabodnar.hu\/en\/wp-json\/wp\/v2\/media?parent=15"}],"curies":[{"name":"wp","href":"https:\/\/api.w.org\/{rel}","templated":true}]}}