{"id":13,"date":"2025-04-14T18:52:37","date_gmt":"2025-04-14T16:52:37","guid":{"rendered":"https:\/\/bodnar-dorottya.holloka-uxuikepzes.hu\/?page_id=13"},"modified":"2025-06-02T17:31:28","modified_gmt":"2025-06-02T15:31:28","slug":"portfolio","status":"publish","type":"page","link":"https:\/\/dorottyabodnar.hu\/en\/portfolio\/","title":{"rendered":"\/\/ Portfolio"},"content":{"rendered":"<div data-elementor-type=\"wp-page\" data-elementor-id=\"13\" class=\"elementor elementor-13\" data-elementor-post-type=\"page\">\n\t\t\t\t<div class=\"elementor-element elementor-element-107c523 e-flex e-con-boxed e-con e-parent\" data-id=\"107c523\" data-element_type=\"container\" data-settings=\"{&quot;background_background&quot;:&quot;classic&quot;}\">\n\t\t\t\t\t<div class=\"e-con-inner\">\n\t\t\t\t<div class=\"elementor-element elementor-element-d3fe1f3 elementor-widget elementor-widget-elpug\" data-id=\"d3fe1f3\" data-element_type=\"widget\" data-widget_type=\"elpug.default\">\n\t\t\t\t<div class=\"elementor-widget-container\">\n\t\t\t\t\t\t\t\n\t\n\t\t<input id=\"powerfolio_pagination_postsperpage\" type=\"hidden\" value=\"\" \/><div class=\"elpt-portfolio elpt_powerfolio_4183\"><div class=\"elpt-portfolio-filter\"><button class=\"portfolio-filter-item item-active\" data-filter=\"*\" style=\"background-color:\">All<\/button><button class=\"portfolio-filter-item\" style=\"background-color:\" data-filter=\".elemenfoliocategory-branding\">Branding design<\/button><button class=\"portfolio-filter-item\" style=\"background-color:\" data-filter=\".elemenfoliocategory-ikonok\">Icon<\/button><button class=\"portfolio-filter-item\" style=\"background-color:\" data-filter=\".elemenfoliocategory-illusztracio\">Illustration<\/button><button class=\"portfolio-filter-item\" style=\"background-color:\" data-filter=\".elemenfoliocategory-logo\">Logo<\/button><button class=\"portfolio-filter-item\" style=\"background-color:\" data-filter=\".elemenfoliocategory-piktogramok\">Pictogram<\/button><button class=\"portfolio-filter-item\" style=\"background-color:\" data-filter=\".elemenfoliocategory-ux-ui-design\">UX\/UI Design<\/button><\/div><div class=\"elpt-portfolio-content elpt-portfolio-content-isotope elpt-portfolio-style-masonry  simple elpt-portfolio-columns-2\"><div class=\"portfolio-item-wrapper 209 post-13 page type-page status-publish hentry elemenfoliocategory-ux-ui-design\"><a href=\"https:\/\/dorottyabodnar.hu\/en\/portfolio\/trofea-kereso-app\/\" class=\"portfolio-item\" style=\"background-image: url(https:\/\/dorottyabodnar.hu\/wp-content\/uploads\/2025\/06\/bodnar_dorottya_uxui_2425-scaled.jpg)\" title=\"Trophy App\"><img decoding=\"async\" src=\"https:\/\/dorottyabodnar.hu\/wp-content\/uploads\/2025\/06\/bodnar_dorottya_uxui_2425-scaled.jpg\" title=\"Trophy App\" alt=\"Tr\u00f3fea keres\u0151 app\" \/><div class=\"portfolio-item-infos-wrapper\" style=\"background-color:\"><div class=\"portfolio-item-infos\"><div class=\"portfolio-item-title\"><span class=\"portfolio-item-title-span\">Trophy App<\/span><\/div><div class=\"portfolio-item-category\"><span class=\"elpt-portfolio-cat\">UX\/UI Design<\/span><\/div><\/div><\/div><\/a><\/div><div class=\"portfolio-item-wrapper 208 post-13 page type-page status-publish hentry elemenfoliocategory-illusztracio\"><a href=\"https:\/\/dorottyabodnar.hu\/en\/portfolio\/alice-csodaorszagban\/\" class=\"portfolio-item\" style=\"background-image: url(https:\/\/dorottyabodnar.hu\/wp-content\/uploads\/2025\/06\/Free_Book_Mockup_8-1.png)\" title=\"Alice in wonderland\"><img decoding=\"async\" src=\"https:\/\/dorottyabodnar.hu\/wp-content\/uploads\/2025\/06\/Free_Book_Mockup_8-1.png\" title=\"Alice in wonderland\" alt=\"Alice csodaorsz\u00e1gban\" \/><div class=\"portfolio-item-infos-wrapper\" style=\"background-color:\"><div class=\"portfolio-item-infos\"><div class=\"portfolio-item-title\"><span class=\"portfolio-item-title-span\">Alice in wonderland<\/span><\/div><div class=\"portfolio-item-category\"><span class=\"elpt-portfolio-cat\">Illustration<\/span><\/div><\/div><\/div><\/a><\/div><div class=\"portfolio-item-wrapper 207 post-13 page type-page status-publish hentry elemenfoliocategory-logo\"><a href=\"https:\/\/dorottyabodnar.hu\/en\/portfolio\/logo-mix\/\" class=\"portfolio-item\" style=\"background-image: url(https:\/\/dorottyabodnar.hu\/wp-content\/uploads\/2025\/06\/bodnar_dorottya_grafika_2023_Logotervezo_trening_2-1.png)\" title=\"Logo mix\"><img decoding=\"async\" src=\"https:\/\/dorottyabodnar.hu\/wp-content\/uploads\/2025\/06\/bodnar_dorottya_grafika_2023_Logotervezo_trening_2-1.png\" title=\"Logo mix\" alt=\"Log\u00f3 Mix\" \/><div class=\"portfolio-item-infos-wrapper\" style=\"background-color:\"><div class=\"portfolio-item-infos\"><div class=\"portfolio-item-title\"><span class=\"portfolio-item-title-span\">Logo mix<\/span><\/div><div class=\"portfolio-item-category\"><span class=\"elpt-portfolio-cat\">Logo<\/span><\/div><\/div><\/div><\/a><\/div><div class=\"portfolio-item-wrapper 206 post-13 page type-page status-publish hentry elemenfoliocategory-branding elemenfoliocategory-logo\"><a href=\"https:\/\/dorottyabodnar.hu\/en\/portfolio\/frespo\/\" class=\"portfolio-item\" style=\"background-image: url(https:\/\/dorottyabodnar.hu\/wp-content\/uploads\/2025\/06\/bodnar_dorottya_grafika_2023_Dinamikus_logo_24-1.png)\" title=\"Frespo\"><img decoding=\"async\" src=\"https:\/\/dorottyabodnar.hu\/wp-content\/uploads\/2025\/06\/bodnar_dorottya_grafika_2023_Dinamikus_logo_24-1.png\" title=\"Frespo\" alt=\"Frespo\" \/><div class=\"portfolio-item-infos-wrapper\" style=\"background-color:\"><div class=\"portfolio-item-infos\"><div class=\"portfolio-item-title\"><span class=\"portfolio-item-title-span\">Frespo<\/span><\/div><div class=\"portfolio-item-category\"><span class=\"elpt-portfolio-cat\">Branding design<\/span><span class=\"elpt-portfolio-cat\">Logo<\/span><\/div><\/div><\/div><\/a><\/div><div class=\"portfolio-item-wrapper 205 post-13 page type-page status-publish hentry elemenfoliocategory-ikonok elemenfoliocategory-piktogramok\"><a href=\"https:\/\/dorottyabodnar.hu\/en\/portfolio\/allat-piktogramok\/\" class=\"portfolio-item\" style=\"background-image: url(https:\/\/dorottyabodnar.hu\/wp-content\/uploads\/2025\/06\/bodnar_dorottya_grafika_2023_Allati_piktogramok_14-1.png)\" title=\"Animal pictogram\"><img decoding=\"async\" src=\"https:\/\/dorottyabodnar.hu\/wp-content\/uploads\/2025\/06\/bodnar_dorottya_grafika_2023_Allati_piktogramok_14-1.png\" title=\"Animal pictogram\" alt=\"\u00c1llat piktogramok\" \/><div class=\"portfolio-item-infos-wrapper\" style=\"background-color:\"><div class=\"portfolio-item-infos\"><div class=\"portfolio-item-title\"><span class=\"portfolio-item-title-span\">Animal pictogram<\/span><\/div><div class=\"portfolio-item-category\"><span class=\"elpt-portfolio-cat\">Icon<\/span><span class=\"elpt-portfolio-cat\">Pictogram<\/span><\/div><\/div><\/div><\/a><\/div><div class=\"portfolio-item-wrapper 204 post-13 page type-page status-publish hentry elemenfoliocategory-illusztracio\"><a href=\"https:\/\/dorottyabodnar.hu\/en\/portfolio\/film-plakat\/\" class=\"portfolio-item\" style=\"background-image: url(https:\/\/dorottyabodnar.hu\/wp-content\/uploads\/2025\/06\/Filmplakat_20_variacio-1.png)\" title=\"Movie Poster\"><img decoding=\"async\" src=\"https:\/\/dorottyabodnar.hu\/wp-content\/uploads\/2025\/06\/Filmplakat_20_variacio-1.png\" title=\"Movie Poster\" alt=\"Film Plak\u00e1t\" \/><div class=\"portfolio-item-infos-wrapper\" style=\"background-color:\"><div class=\"portfolio-item-infos\"><div class=\"portfolio-item-title\"><span class=\"portfolio-item-title-span\">Movie Poster<\/span><\/div><div class=\"portfolio-item-category\"><span class=\"elpt-portfolio-cat\">Illustration<\/span><\/div><\/div><\/div><\/a><\/div><div class=\"portfolio-item-wrapper 203 post-13 page type-page status-publish hentry elemenfoliocategory-branding elemenfoliocategory-logo\"><a href=\"https:\/\/dorottyabodnar.hu\/en\/portfolio\/plantate\/\" class=\"portfolio-item\" style=\"background-image: url(https:\/\/dorottyabodnar.hu\/wp-content\/uploads\/2025\/06\/MG_9560-1-scaled.jpg)\" title=\"Plantate\"><img decoding=\"async\" src=\"https:\/\/dorottyabodnar.hu\/wp-content\/uploads\/2025\/06\/MG_9560-1-scaled.jpg\" title=\"Plantate\" alt=\"Plantate\" \/><div class=\"portfolio-item-infos-wrapper\" style=\"background-color:\"><div class=\"portfolio-item-infos\"><div class=\"portfolio-item-title\"><span class=\"portfolio-item-title-span\">Plantate<\/span><\/div><div class=\"portfolio-item-category\"><span class=\"elpt-portfolio-cat\">Branding design<\/span><span class=\"elpt-portfolio-cat\">Logo<\/span><\/div><\/div><\/div><\/a><\/div><\/div><\/div>\t\t\n\n\t\t\t\n\n\t\t\t\t\t\n\n\t\t\t\t\t\t<\/div>\n\t\t\t\t<\/div>\n\t\t\t\t\t<\/div>\n\t\t\t\t<\/div>\n\t\t\t\t<\/div>","protected":false},"excerpt":{"rendered":"<p>MindenBrandingIkonokIllusztr\u00e1ci\u00f3LogoPiktogramokUX\/UI DesignTr\u00f3fea keres\u0151 appUX\/UI DesignAlice csodaorsz\u00e1gbanIllusztr\u00e1ci\u00f3Log\u00f3 MixLogoFrespoBrandingLogo\u00c1llat piktogramokIkonokPiktogramokFilm Plak\u00e1tIllusztr\u00e1ci\u00f3PlantateBrandingLogo<\/p>","protected":false},"author":1,"featured_media":0,"parent":0,"menu_order":0,"comment_status":"closed","ping_status":"closed","template":"","meta":{"inline_featured_image":false,"footnotes":""},"class_list":["post-13","page","type-page","status-publish","hentry"],"_links":{"self":[{"href":"https:\/\/dorottyabodnar.hu\/en\/wp-json\/wp\/v2\/pages\/13","targetHints":{"allow":["GET"]}}],"collection":[{"href":"https:\/\/dorottyabodnar.hu\/en\/wp-json\/wp\/v2\/pages"}],"about":[{"href":"https:\/\/dorottyabodnar.hu\/en\/wp-json\/wp\/v2\/types\/page"}],"author":[{"embeddable":true,"href":"https:\/\/dorottyabodnar.hu\/en\/wp-json\/wp\/v2\/users\/1"}],"replies":[{"embeddable":true,"href":"https:\/\/dorottyabodnar.hu\/en\/wp-json\/wp\/v2\/comments?post=13"}],"version-history":[{"count":46,"href":"https:\/\/dorottyabodnar.hu\/en\/wp-json\/wp\/v2\/pages\/13\/revisions"}],"predecessor-version":[{"id":444,"href":"https:\/\/dorottyabodnar.hu\/en\/wp-json\/wp\/v2\/pages\/13\/revisions\/444"}],"wp:attachment":[{"href":"https:\/\/dorottyabodnar.hu\/en\/wp-json\/wp\/v2\/media?parent=13"}],"curies":[{"name":"wp","href":"https:\/\/api.w.org\/{rel}","templated":true}]}}